{"id":556,"date":"2026-03-09T18:45:15","date_gmt":"2026-03-09T18:45:15","guid":{"rendered":"https:\/\/granfondosietelagos.com\/?page_id=556"},"modified":"2026-04-02T20:25:08","modified_gmt":"2026-04-02T20:25:08","slug":"ajustes-de-cookies","status":"publish","type":"page","link":"https:\/\/granfondosietelagos.com\/en\/ajustes-de-cookies\/","title":{"rendered":"Cookie Settings"},"content":{"rendered":"<div data-elementor-type=\"wp-page\" data-elementor-id=\"556\" class=\"elementor elementor-556\" data-elementor-post-type=\"page\">\n\t\t\t\t<div class=\"elementor-element elementor-element-c7e6811 e-flex e-con-boxed e-con e-parent\" data-id=\"c7e6811\" data-element_type=\"container\" data-e-type=\"container\" data-settings=\"{&quot;background_background&quot;:&quot;classic&quot;}\">\n\t\t\t\t\t<div class=\"e-con-inner\">\n\t\t\t\t<div class=\"elementor-element elementor-element-30d007d elementor-widget elementor-widget-heading\" data-id=\"30d007d\" data-element_type=\"widget\" data-e-type=\"widget\" data-widget_type=\"heading.default\">\n\t\t\t\t\t<h2 class=\"elementor-heading-title elementor-size-default\">Cookie Settings<\/h2>\t\t\t\t<\/div>\n\t\t\t\t\t<\/div>\n\t\t\t\t<\/div>\n\t\t<div class=\"elementor-element elementor-element-0753faa e-con-full e-flex e-con e-parent\" data-id=\"0753faa\" data-element_type=\"container\" data-e-type=\"container\" data-settings=\"{&quot;background_background&quot;:&quot;classic&quot;}\">\n\t\t\t\t<div class=\"elementor-element elementor-element-81a8f14 elementor-widget elementor-widget-text-editor\" data-id=\"81a8f14\" data-element_type=\"widget\" data-e-type=\"widget\" data-widget_type=\"text-editor.default\">\n\t\t\t\t\t\t\t\t\t<h3>Cookie Policy<\/h3><p>Mediante el presente apartado, el titular de este sitio web le informa de su pol\u00edtica de cookies, cumpliendo as\u00ed con lo previsto en el art\u00edculo 22.2 de la Ley 34\/2002, de 11 de julio de Servicios de la Sociedad de la Informaci\u00f3n y de Comercio Electr\u00f3nico.<\/p><p>Qu\u00e9 son las cookies y para qu\u00e9 sirven.<\/p><p>Las cookies son ficheros que se descargan en su dispositivo al acceder a p\u00e1ginas webs que las tengan implementadas y que permiten, entre otras funciones, almacenar y recuperar informaci\u00f3n sobre los h\u00e1bitos de navegaci\u00f3n de un usuario o de su equipo y, dependiendo de la informaci\u00f3n que contengan y de la forma en que utilice su equipo, pueden utilizarse para reconocer al usuario.<br \/><br \/>Tipos de cookies utilizados por esta p\u00e1gina web.<\/p><p>De forma generalmente aceptada, podemos decir que existen los siguientes tipos de cookies. Hay que tener en cuenta que una cookie pertenece a varios de los siguientes tipos ya que estos, a su vez, se pueden agrupar por categor\u00edas:<\/p><ul><li aria-level=\"1\">Cookies propias: Son aqu\u00e9llas que se env\u00edan al equipo terminal del usuario desde un equipo o dominio gestionado por el propio editor y desde el que se presta el servicio solicitado por el usuario.<\/li><li aria-level=\"1\">Cookies de tercero: Son aqu\u00e9llas que se env\u00edan al equipo terminal del usuario desde un equipo o dominio que no es gestionado por el editor, sino por otra entidad que trata los datos obtenidos trav\u00e9s de las cookies.<\/li><li aria-level=\"1\">Cookies de sesi\u00f3n: Son un tipo de cookies dise\u00f1adas para recabar y almacenar datos mientras el usuario accede a una p\u00e1gina web.<\/li><li aria-level=\"1\">Cookies persistentes: Son un tipo de cookies en el que los datos siguen almacenados en el terminal y pueden ser accedidos y tratados durante un periodo definido por el responsable de la cookie, y que puede ir de unos minutos a varios a\u00f1os.<\/li><li aria-level=\"1\">Cookies t\u00e9cnicas: Son aqu\u00e9llas que permiten al usuario la navegaci\u00f3n a trav\u00e9s de una p\u00e1gina web, plataforma o aplicaci\u00f3n y la utilizaci\u00f3n de las diferentes opciones o servicios que en ella existan como, por ejemplo, controlar el tr\u00e1fico y la comunicaci\u00f3n de datos, identificar la sesi\u00f3n, acceder a partes de acceso restringido, recordar los elementos que integran un pedido, realizar el proceso de compra de un pedido, realizar la solicitud de inscripci\u00f3n o participaci\u00f3n en un evento, utilizar elementos de seguridad durante la navegaci\u00f3n, almacenar contenidos para la difusi\u00f3n de v\u00eddeos o sonido o compartir contenidos a trav\u00e9s de redes sociales.<\/li><li aria-level=\"1\">Cookies de personalizaci\u00f3n: Son aqu\u00e9llas que permiten al usuario acceder al servicio con algunas caracter\u00edsticas de car\u00e1cter general predefinidas en funci\u00f3n de una serie de criterios en el terminal del usuario como por ejemplo ser\u00edan el idioma, el tipo de navegador a trav\u00e9s del cual accede al servicio, la configuraci\u00f3n regional desde donde accede al servicio, etc.<\/li><li aria-level=\"1\">Cookies de an\u00e1lisis: Son aqu\u00e9llas que, bien tratadas por el propio sitio web o por terceros, permiten cuantificar el n\u00famero de usuarios y as\u00ed realizar la medici\u00f3n y an\u00e1lisis estad\u00edstico de la utilizaci\u00f3n que hacen los usuarios del servicio ofertado. Para ello, se analiza su navegaci\u00f3n en la p\u00e1gina web en cuesti\u00f3n con el fin de mejorar la oferta de productos o servicios ofrecidos.<\/li><li aria-level=\"1\">Cookies publicitarias: Son aqu\u00e9llas que permiten la gesti\u00f3n, de la forma m\u00e1s eficaz posible, de los espacios publicitarios que, en su caso, el editor haya incluido en una p\u00e1gina web, aplicaci\u00f3n o plataforma desde la que presta el servicio solicitado en base a criterios como el contenido editado o la frecuencia en la que se muestran los anuncios.<\/li><li aria-level=\"1\">Cookies de publicidad comportamental: Son aqu\u00e9llas que permiten la gesti\u00f3n, de la forma m\u00e1s eficaz posible, de los espacios publicitarios que, en su caso, el editor haya incluido en una p\u00e1gina web, aplicaci\u00f3n o plataforma desde la que presta el servicio solicitado. Estas cookies almacenan informaci\u00f3n del comportamiento de los usuarios obtenida a trav\u00e9s de la observaci\u00f3n continuada de sus h\u00e1bitos de navegaci\u00f3n, lo que permite desarrollar un perfil espec\u00edfico para mostrar publicidad en funci\u00f3n del mismo.<\/li><\/ul><p>Asimismo es posible que al visitar alguna p\u00e1gina web o al abrir alg\u00fan email donde se publique alg\u00fan anuncio o alguna promoci\u00f3n sobre los productos o servicios de la p\u00e1gina web en cuesti\u00f3n se instale en su navegador alguna cookie que sirva para mostrarle posteriormente publicidad relacionada con la b\u00fasqueda que haya realizado, desarrollar un control de nuestros anuncios en relaci\u00f3n, por ejemplo, con el n\u00famero de veces que son vistos, d\u00f3nde aparecen, a qu\u00e9 hora se ven, etc.<\/p><p>Informaci\u00f3n sobre la forma de desactivar o eliminar cookies.<\/p><p>Tal y como se informa en este sitio web, entendemos que mediante la navegaci\u00f3n a trav\u00e9s del mismo, usted acepta nuestra pol\u00edtica de cookies y la instalaci\u00f3n de las mismas. No obstante, en caso de que quiera permitir expresamente alguna, bloquear o eliminar alguna o todas las cookies utilizadas o bien revocar su consentimiento, puede hacerlo mediante la configuraci\u00f3n de las opciones del navegador instalado en su terminal, en caso que no permita la instalaci\u00f3n de cookies en su navegador es posible que no pueda acceder a alguna de las secciones de nuestra web.<\/p><p>Para m\u00e1s informaci\u00f3n sobre el navegador Chrome <a href=\"https:\/\/support.google.com\/chrome\/answer\/95647?hl=es&amp;hlrm=en\">pulse aqu\u00ed.<\/a><\/p><p>Para m\u00e1s informaci\u00f3n sobre el navegador Firefox <a href=\"https:\/\/support.mozilla.org\/es\/kb\/cookies-informacion-que-los-sitios-web-guardan-en-?redirectlocale=en-US&amp;redirectslug=Cookies\">pulse aqu\u00ed.<\/a><\/p><p>Para m\u00e1s informaci\u00f3n sobre el navegador Internet Explorer <a href=\"https:\/\/support.microsoft.com\/es-es\/windows\/eliminar-y-administrar-cookies-168dab11-0753-043d-7c16-ede5947fc64d#ie=ie-10\">pulse aqu\u00ed.<\/a><\/p><p>Para m\u00e1s informaci\u00f3n sobre el navegador Safari <a href=\"https:\/\/support.apple.com\/es-es\/guide\/safari\/sfri11471\/machttps:\/\/support.apple.com\/es-es\/guide\/safari\/sfri11471\/mac\">pulse aqu\u00ed.<\/a><\/p><p>Los anteriores son algunos de los navegadores web m\u00e1s utilizados. Por favor, si su navegador no se encuentra en el listado anterior consulte en Internet o en las opciones de su navegador.<\/p><p>Los terceros prestadores de servicios con los que hemos contratado alg\u00fan servicio para el que es necesario la utilizaci\u00f3n de cookies son los siguientes:<\/p><p>Cookie: Google Analytics<\/p><p>Finalidad:<\/p><ul><li aria-level=\"1\">Permitir la identificaci\u00f3n an\u00f3nima de los usuarios (identifica navegadores y dispositivos, no personas) y por lo tanto la contabilizaci\u00f3n aproximada del n\u00famero de visitantes y su tendencia en el tiempo.<\/li><li aria-level=\"1\">Identificaci\u00f3n de los contenidos m\u00e1s visitados por los usuarios. Dicha identificaci\u00f3n se realiza de forma an\u00f3nima.<\/li><li aria-level=\"1\">Conoce si los usuarios que est\u00e1n accediendo al Portal son nuevos usuarios o repiten visita.<\/li><\/ul><p>Proveedor: Google, Inc.<\/p><p>Por \u00faltimo, le informamos de que, en la medida en que nuestra pol\u00edtica de cookies, cookies utilizadas, finalidades, etc., puede actualizarse con el tiempo, es necesario que usted consulte la pol\u00edtica de cookies de nuestro sitio web con el fin de conocer la versi\u00f3n m\u00e1s actualizada.<\/p><p>Para m\u00e1s informaci\u00f3n sobre el uso de cookies, tipolog\u00eda, etc., puede consultar la gu\u00eda elaborada por la Agencia Espa\u00f1ola de Protecci\u00f3n de Datos en el siguiente enlace: <a href=\"https:\/\/www.aepd.es\/es\">Gu\u00eda sobre el Uso de las Cookies.<\/a><\/p><p>\u00a0<\/p>\t\t\t\t\t\t\t\t<\/div>\n\t\t\t\t<\/div>\n\t\t\t\t<\/div>","protected":false},"excerpt":{"rendered":"<p>Pol\u00edtica de Cookies Mediante el presente apartado, el titular de este sitio web le informa de su pol\u00edtica de cookies, [&hellip;]<\/p>\n","protected":false},"author":1,"featured_media":0,"parent":0,"menu_order":0,"comment_status":"closed","ping_status":"closed","template":"","meta":{"site-sidebar-layout":"no-sidebar","site-content-layout":"","ast-site-content-layout":"full-width-container","site-content-style":"default","site-sidebar-style":"default","ast-global-header-display":"","ast-banner-title-visibility":"","ast-main-header-display":"","ast-hfb-above-header-display":"","ast-hfb-below-header-display":"","ast-hfb-mobile-header-display":"","site-post-title":"","ast-breadcrumbs-content":"","ast-featured-img":"disabled","footer-sml-layout":"","ast-disable-related-posts":"","theme-transparent-header-meta":"","adv-header-id-meta":"","stick-header-meta":"","header-above-stick-meta":"","header-main-stick-meta":"","header-below-stick-meta":"","astra-migrate-meta-layouts":"default","ast-page-background-enabled":"default","ast-page-background-meta":{"desktop":{"background-color":"var(--ast-global-color-5)","background-image":"","background-repeat":"repeat","background-position":"center center","background-size":"auto","background-attachment":"scroll","background-type":"","background-media":"","overlay-type":"","overlay-color":"","overlay-opacity":"","overlay-gradient":""},"tablet":{"background-color":"","background-image":"","background-repeat":"repeat","background-position":"center center","background-size":"auto","background-attachment":"scroll","background-type":"","background-media":"","overlay-type":"","overlay-color":"","overlay-opacity":"","overlay-gradient":""},"mobile":{"background-color":"","background-image":"","background-repeat":"repeat","background-position":"center center","background-size":"auto","background-attachment":"scroll","background-type":"","background-media":"","overlay-type":"","overlay-color":"","overlay-opacity":"","overlay-gradient":""}},"ast-content-background-meta":{"desktop":{"background-color":"var(--ast-global-color-4)","background-image":"","background-repeat":"repeat","background-position":"center center","background-size":"auto","background-attachment":"scroll","background-type":"","background-media":"","overlay-type":"","overlay-color":"","overlay-opacity":"","overlay-gradient":""},"tablet":{"background-color":"var(--ast-global-color-4)","background-image":"","background-repeat":"repeat","background-position":"center center","background-size":"auto","background-attachment":"scroll","background-type":"","background-media":"","overlay-type":"","overlay-color":"","overlay-opacity":"","overlay-gradient":""},"mobile":{"background-color":"var(--ast-global-color-4)","background-image":"","background-repeat":"repeat","background-position":"center center","background-size":"auto","background-attachment":"scroll","background-type":"","background-media":"","overlay-type":"","overlay-color":"","overlay-opacity":"","overlay-gradient":""}},"_joinchat":[],"footnotes":""},"class_list":["post-556","page","type-page","status-publish","hentry"],"_links":{"self":[{"href":"https:\/\/granfondosietelagos.com\/en\/wp-json\/wp\/v2\/pages\/556","targetHints":{"allow":["GET"]}}],"collection":[{"href":"https:\/\/granfondosietelagos.com\/en\/wp-json\/wp\/v2\/pages"}],"about":[{"href":"https:\/\/granfondosietelagos.com\/en\/wp-json\/wp\/v2\/types\/page"}],"author":[{"embeddable":true,"href":"https:\/\/granfondosietelagos.com\/en\/wp-json\/wp\/v2\/users\/1"}],"replies":[{"embeddable":true,"href":"https:\/\/granfondosietelagos.com\/en\/wp-json\/wp\/v2\/comments?post=556"}],"version-history":[{"count":7,"href":"https:\/\/granfondosietelagos.com\/en\/wp-json\/wp\/v2\/pages\/556\/revisions"}],"predecessor-version":[{"id":1382,"href":"https:\/\/granfondosietelagos.com\/en\/wp-json\/wp\/v2\/pages\/556\/revisions\/1382"}],"wp:attachment":[{"href":"https:\/\/granfondosietelagos.com\/en\/wp-json\/wp\/v2\/media?parent=556"}],"curies":[{"name":"wp","href":"https:\/\/api.w.org\/{rel}","templated":true}]}}