{"id":546,"date":"2026-03-09T18:43:14","date_gmt":"2026-03-09T18:43:14","guid":{"rendered":"https:\/\/granfondosietelagos.com\/?page_id=546"},"modified":"2026-04-02T20:24:27","modified_gmt":"2026-04-02T20:24:27","slug":"politicas-de-privacidad","status":"publish","type":"page","link":"https:\/\/granfondosietelagos.com\/en\/politicas-de-privacidad\/","title":{"rendered":"Privacy Policy"},"content":{"rendered":"<div data-elementor-type=\"wp-page\" data-elementor-id=\"546\" class=\"elementor elementor-546\" data-elementor-post-type=\"page\">\n\t\t\t\t<div class=\"elementor-element elementor-element-7302283 e-flex e-con-boxed e-con e-parent\" data-id=\"7302283\" data-element_type=\"container\" data-e-type=\"container\" data-settings=\"{&quot;background_background&quot;:&quot;classic&quot;}\">\n\t\t\t\t\t<div class=\"e-con-inner\">\n\t\t\t\t<div class=\"elementor-element elementor-element-01f113c elementor-widget elementor-widget-heading\" data-id=\"01f113c\" data-element_type=\"widget\" data-e-type=\"widget\" data-widget_type=\"heading.default\">\n\t\t\t\t\t<h2 class=\"elementor-heading-title elementor-size-default\">Privacy Policy<\/h2>\t\t\t\t<\/div>\n\t\t\t\t\t<\/div>\n\t\t\t\t<\/div>\n\t\t<div class=\"elementor-element elementor-element-5fe86ce e-con-full e-flex e-con e-parent\" data-id=\"5fe86ce\" data-element_type=\"container\" data-e-type=\"container\" data-settings=\"{&quot;background_background&quot;:&quot;classic&quot;}\">\n\t\t\t\t<div class=\"elementor-element elementor-element-65c7299 elementor-widget elementor-widget-text-editor\" data-id=\"65c7299\" data-element_type=\"widget\" data-e-type=\"widget\" data-widget_type=\"text-editor.default\">\n\t\t\t\t\t\t\t\t\t<h5>Pol\u00edtica de privacidad y protecci\u00f3n de datos personales.<\/h5><p>En el marco del cumplimiento de lo dispuesto en el Reglamento (UE) 2016\/679 del Parlamento Europeo y del Consejo, de 27 de abril de 2016, relativo a la protecci\u00f3n de las personas f\u00edsicas en lo que respecta al tratamiento de datos personales y a la libre circulaci\u00f3n de estos datos y por el que se deroga la Directiva 95\/46\/CE (Reglamento general de protecci\u00f3n de datos), el art\u00edculo 5 de la Ley Org\u00e1nica 15\/1999, de 13 de diciembre, sobre protecci\u00f3n de Datos de Car\u00e1cter Personal (LOPD) y de la normativa que la sustituya, Gran Fondo 7 Lagos, informa a los usuarios de esta web mediante este documento del uso y tratamiento de los datos personales que faciliten o vayan a facilitar en su navegaci\u00f3n y de la pol\u00edtica de protecci\u00f3n de datos que se aplicar\u00e1 sobre dichos datos.<\/p><h5>V\u00edas a trav\u00e9s de las cuales se recaban datos personales. Finalidades del tratamiento.<\/h5><p>Formularios de contacto, peticiones de presupuesto y medios de comunicaci\u00f3n tradicionales. Los datos personales recogidos ser\u00e1n objeto de tratamiento automatizado e incorporados a un fichero del que Gran Fondo 7 Lagos es responsable. Asimismo, podr\u00e1 facilitarnos sus datos a trav\u00e9s de tel\u00e9fono, correo electr\u00f3nico y otros medios de comunicaci\u00f3n indicados en la secci\u00f3n de Contacto. La finalidad del tratamiento de estos datos ser\u00e1 la Gesti\u00f3n de los datos recibidos a trav\u00e9s de formularios de la web para el Tratamiento de los mismos a las peticiones solicitadas por el usuario, inclusi\u00f3n en agenda de contactos, respuesta a preguntas, env\u00edo de Newsletter y comunicaciones electr\u00f3nicas comerciales.<\/p><p>Se informa que gestionar\u00e1 automatizadamente estos datos para la administraci\u00f3n, ampliaci\u00f3n y mejora de nuestros servicios as\u00ed como para fines t\u00e9cnicos y comerciales sobre los servicios ofrecidos. En todo caso, los datos recogidos y tratados son \u00fanicamente los b\u00e1sicos para las finalidades se\u00f1aladas anteriormente.<\/p><p>El Usuario es responsable de la veracidad de sus datos, comprometi\u00e9ndose a no introducir datos falsos y a proceder a la rectificaci\u00f3n de los mismos si fuera necesario. El prestador pone a disposici\u00f3n del Usuario todos los medios para que pueda proceder a la modificaci\u00f3n de sus datos mediante los formularios designados en nuestra web. El Usuario manifiesta que cuando no introduce sus datos personales sino los de un tercero est\u00e1n autorizados por \u00e9ste para su introducci\u00f3n.<\/p><p>El PRESTADOR quedar\u00e1 exonerado de responsabilidad en el caso de que la solicitud de muestra o correcci\u00f3n de datos se realice desde la direcci\u00f3n de correo electr\u00f3nico que usted nos ha aportado a trav\u00e9s de cualquiera de los formularios de la web, pues en ese caso presumir\u00e1 que es el usuario qui\u00e9n la realiza. Los campos en los que figure un asterisco (*) son aquellos que requieren una respuesta obligatoria. De no ser cubiertos la consecuencia consiste en la imposibilidad de enviar la solicitud de informaci\u00f3n.<\/p><p>Los datos que se recojan o generen se incorporar\u00e1n a ficheros de los que Gran Fondo 7 Lagos, con domicilio en Av. San Mart\u00edn 1359, San Mart\u00edn de los Andes, Neuqu\u00e9n, Argentina CP 8370, es responsable. Mediante el env\u00edo de esta informaci\u00f3n del formulario, el usuario autoriza expresamente a Gran Fondo 7 Lagos a tratar sus datos personales, incluso aquellos relativos a la salud, en la medida en que sean necesarios para el cumplimiento y mantenimiento de las relaciones existentes, en su caso, entre las partes.<\/p><p>Dada la naturaleza exclusivamente promocional de este sitio web, por el hecho de completar y enviar la informaci\u00f3n solicitas y consientes el contacto y env\u00edo por cualquier medio, incluidos los electr\u00f3nicos, de publicidad u otras ofertas del sector financiero\/asegurador, salud, bienestar y ocio de Gran Fondo 7 Lagos y terceros con los que establezca v\u00ednculos de colaboraci\u00f3n, autorizando a enviarle la informaci\u00f3n que m\u00e1s se adapte a sus necesidades espec\u00edficas. Estas comunicaciones podr\u00e1n hacerse incluso a la terminaci\u00f3n, en su caso, de la relaci\u00f3n contractual con Gran Fondo 7 Lagos en la medida que el usuario no haya manifestado su oposici\u00f3n a este tratamiento por los medios puestos a disposici\u00f3n.<\/p><h5>Ejercicio de Derechos de Protecci\u00f3n de Datos<\/h5><p>El usuario tiene derecho a solicitar y obtener gratuitamente informaci\u00f3n sobre sus datos de car\u00e1cter personal sometidos a tratamiento, de su origen (que en nuestro caso ser\u00e1n siempre los formularios situados en la web) y de las comunicaciones que puedan afectar a los mismos. Los usuarios pueden dirigir una comunicaci\u00f3n por escrito al domicilio social de Gran Fondo 7 Lagos\u00a0 o a la direcci\u00f3n de correo electr\u00f3nico info@granfondosietelagos.com, incluyendo en ambos casos fotocopia de su DNI u otro documento identificativo similar, para solicitar el ejercicio de los derechos de acceso, rectificaci\u00f3n, supresi\u00f3n, portabilidad, limitaci\u00f3n a tratamiento, cancelaci\u00f3n y oposici\u00f3n.<\/p><h5>Consentimiento y revocaci\u00f3n del usuario con fines informativos.<\/h5><p>A trav\u00e9s de la casilla de marcaci\u00f3n El usuario acepta nuestra pol\u00edtica de privacidad y obtenemos su consentimiento para el env\u00edo de comunicaciones informativas sobre nuestros servicios y actividades as\u00ed como para la contestaci\u00f3n a las consultas formuladas por el usuario. As\u00ed mismo podr\u00e1 en cualquier momento revocar el consentimiento prestado para fines de promoci\u00f3n y publicidad de nuestros servicios, boletines de noticias y el env\u00edo de comunicaciones comerciales electr\u00f3nicas, dirigiendo un mail a la direcci\u00f3n gustavogarone@yahoo.com.ar con el asunto BAJA LOPD, o dirigi\u00e9ndose a nuestro domicilio en los t\u00e9rminos definidos por nuestra empresa.<\/p>\t\t\t\t\t\t\t\t<\/div>\n\t\t\t\t<\/div>\n\t\t\t\t<\/div>","protected":false},"excerpt":{"rendered":"<p>Pol\u00edtica de privacidad y protecci\u00f3n de datos personales. En el marco del cumplimiento de lo dispuesto en el Reglamento (UE) [&hellip;]<\/p>\n","protected":false},"author":1,"featured_media":0,"parent":0,"menu_order":0,"comment_status":"closed","ping_status":"closed","template":"","meta":{"site-sidebar-layout":"no-sidebar","site-content-layout":"","ast-site-content-layout":"full-width-container","site-content-style":"default","site-sidebar-style":"default","ast-global-header-display":"","ast-banner-title-visibility":"","ast-main-header-display":"","ast-hfb-above-header-display":"","ast-hfb-below-header-display":"","ast-hfb-mobile-header-display":"","site-post-title":"","ast-breadcrumbs-content":"","ast-featured-img":"disabled","footer-sml-layout":"","ast-disable-related-posts":"","theme-transparent-header-meta":"","adv-header-id-meta":"","stick-header-meta":"","header-above-stick-meta":"","header-main-stick-meta":"","header-below-stick-meta":"","astra-migrate-meta-layouts":"default","ast-page-background-enabled":"default","ast-page-background-meta":{"desktop":{"background-color":"var(--ast-global-color-5)","background-image":"","background-repeat":"repeat","background-position":"center center","background-size":"auto","background-attachment":"scroll","background-type":"","background-media":"","overlay-type":"","overlay-color":"","overlay-opacity":"","overlay-gradient":""},"tablet":{"background-color":"","background-image":"","background-repeat":"repeat","background-position":"center center","background-size":"auto","background-attachment":"scroll","background-type":"","background-media":"","overlay-type":"","overlay-color":"","overlay-opacity":"","overlay-gradient":""},"mobile":{"background-color":"","background-image":"","background-repeat":"repeat","background-position":"center center","background-size":"auto","background-attachment":"scroll","background-type":"","background-media":"","overlay-type":"","overlay-color":"","overlay-opacity":"","overlay-gradient":""}},"ast-content-background-meta":{"desktop":{"background-color":"var(--ast-global-color-4)","background-image":"","background-repeat":"repeat","background-position":"center center","background-size":"auto","background-attachment":"scroll","background-type":"","background-media":"","overlay-type":"","overlay-color":"","overlay-opacity":"","overlay-gradient":""},"tablet":{"background-color":"var(--ast-global-color-4)","background-image":"","background-repeat":"repeat","background-position":"center center","background-size":"auto","background-attachment":"scroll","background-type":"","background-media":"","overlay-type":"","overlay-color":"","overlay-opacity":"","overlay-gradient":""},"mobile":{"background-color":"var(--ast-global-color-4)","background-image":"","background-repeat":"repeat","background-position":"center center","background-size":"auto","background-attachment":"scroll","background-type":"","background-media":"","overlay-type":"","overlay-color":"","overlay-opacity":"","overlay-gradient":""}},"_joinchat":[],"footnotes":""},"class_list":["post-546","page","type-page","status-publish","hentry"],"_links":{"self":[{"href":"https:\/\/granfondosietelagos.com\/en\/wp-json\/wp\/v2\/pages\/546","targetHints":{"allow":["GET"]}}],"collection":[{"href":"https:\/\/granfondosietelagos.com\/en\/wp-json\/wp\/v2\/pages"}],"about":[{"href":"https:\/\/granfondosietelagos.com\/en\/wp-json\/wp\/v2\/types\/page"}],"author":[{"embeddable":true,"href":"https:\/\/granfondosietelagos.com\/en\/wp-json\/wp\/v2\/users\/1"}],"replies":[{"embeddable":true,"href":"https:\/\/granfondosietelagos.com\/en\/wp-json\/wp\/v2\/comments?post=546"}],"version-history":[{"count":7,"href":"https:\/\/granfondosietelagos.com\/en\/wp-json\/wp\/v2\/pages\/546\/revisions"}],"predecessor-version":[{"id":1379,"href":"https:\/\/granfondosietelagos.com\/en\/wp-json\/wp\/v2\/pages\/546\/revisions\/1379"}],"wp:attachment":[{"href":"https:\/\/granfondosietelagos.com\/en\/wp-json\/wp\/v2\/media?parent=546"}],"curies":[{"name":"wp","href":"https:\/\/api.w.org\/{rel}","templated":true}]}}