{"id":414,"date":"2026-03-06T17:40:16","date_gmt":"2026-03-06T17:40:16","guid":{"rendered":"https:\/\/granfondosietelagos.com\/?page_id=414"},"modified":"2026-03-09T20:07:08","modified_gmt":"2026-03-09T20:07:08","slug":"aviso-legal","status":"publish","type":"page","link":"https:\/\/granfondosietelagos.com\/en\/aviso-legal\/","title":{"rendered":"Aviso Legal"},"content":{"rendered":"<div data-elementor-type=\"wp-page\" data-elementor-id=\"414\" class=\"elementor elementor-414\" data-elementor-post-type=\"page\">\n\t\t\t\t<div class=\"elementor-element elementor-element-06a4e3c e-flex e-con-boxed e-con e-parent\" data-id=\"06a4e3c\" data-element_type=\"container\" data-e-type=\"container\" data-settings=\"{&quot;background_background&quot;:&quot;classic&quot;}\">\n\t\t\t\t\t<div class=\"e-con-inner\">\n\t\t\t\t<div class=\"elementor-element elementor-element-b65bb7a elementor-widget elementor-widget-heading\" data-id=\"b65bb7a\" data-element_type=\"widget\" data-e-type=\"widget\" data-widget_type=\"heading.default\">\n\t\t\t\t\t<h2 class=\"elementor-heading-title elementor-size-default\">Aviso Legal<\/h2>\t\t\t\t<\/div>\n\t\t\t\t\t<\/div>\n\t\t\t\t<\/div>\n\t\t<div class=\"elementor-element elementor-element-c480bea e-con-full e-flex e-con e-parent\" data-id=\"c480bea\" data-element_type=\"container\" data-e-type=\"container\" data-settings=\"{&quot;background_background&quot;:&quot;classic&quot;}\">\n\t\t\t\t<div class=\"elementor-element elementor-element-10a5e5d elementor-widget elementor-widget-text-editor\" data-id=\"10a5e5d\" data-element_type=\"widget\" data-e-type=\"widget\" data-widget_type=\"text-editor.default\">\n\t\t\t\t\t\t\t\t\t<p dir=\"ltr\">DATOS DE IDENTIFICACI\u00d3N:\u00a0<\/p><p dir=\"ltr\">En cumplimiento con el deber de informaci\u00f3n recogido en el art\u00edculo 10 de la Ley 34\/2002, de 11 de julio, de Servicios de la Sociedad de la Informaci\u00f3n y del Comercio Electr\u00f3nico, a continuaci\u00f3n se reflejan los siguientes datos:<\/p><p dir=\"ltr\">Sitio Web: Gran Fondo 7 Lagos<\/p><p dir=\"ltr\">Titular: (en adelante el Titular)<\/p><p dir=\"ltr\">NIF:\u00a0<\/p><p dir=\"ltr\">Domicilio: Av. San Mart\u00edn 1359, San Mart\u00edn de los Andes, Neuqu\u00e9n, Argentina CP 8370.<\/p><p dir=\"ltr\">Inscripci\u00f3n: El Titular no consta inscrito en ning\u00fan registro p\u00fablico en los t\u00e9rminos de la LSSI.<\/p><p dir=\"ltr\">Autorizaci\u00f3n Administrativa Previa: El Titular, en virtud de la actividad desarrollada, no est\u00e1 sujeto a Autorizaci\u00f3n Administrativa Previa.<\/p><p dir=\"ltr\">Profesi\u00f3n Regulada: No se trata de una profesi\u00f3n regulada.<\/p><p dir=\"ltr\">El Titular no est\u00e1 adherido a ning\u00fan c\u00f3digo de conducta.<\/p><p dir=\"ltr\">El Usuario puede contactar con el Titular por correo ordinario a la direcci\u00f3n indicada m\u00e1s arriba o mediante correo electr\u00f3nico de contacto en la direcci\u00f3n\u00a0 as\u00ed como al tel\u00e9fono .<\/p><p dir=\"ltr\">USUARIOS:\u00a0<\/p><p dir=\"ltr\">El acceso y\/o uso de esta web atribuye la condici\u00f3n de Usuario, que acepta, desde dicho acceso y\/o uso, el presente Aviso Legal, as\u00ed como el resto de Condiciones, Pol\u00edticas y Avisos que pudieran reflejarse en diferentes apartados de la web.<\/p><p dir=\"ltr\">Con car\u00e1cter general s\u00f3lo podr\u00e1n usar este sitio las personas f\u00edsicas y jur\u00eddicas con capacidad jur\u00eddica suficiente de acuerdo con la legislaci\u00f3n aplicable. De modo excepcional -y siempre que no se contravenga ning\u00fan tipo de normativa o legislaci\u00f3n- podr\u00e1n usar el sitio menores de edad mayores de catorce a\u00f1os que hayan obtenido previamente la autorizaci\u00f3n de sus padres o tutores legales, los cuales ser\u00e1n responsables del uso que el menor a su cargo haga del sitio.<\/p><p dir=\"ltr\">USO DEL PORTAL:\u00a0<\/p><p dir=\"ltr\">El Titular proporciona el acceso a multitud de informaciones, servicios, fotograf\u00edas, informaciones o datos (en adelante, \u201clos contenidos\u201d) en Internet pertenecientes al Titular o a sus licenciantes a los que el Usuario pueda tener acceso. El Usuario asume la responsabilidad del uso del portal. Dicha responsabilidad se extiende al registro que fuese necesario para acceder a determinados servicios o contenidos. En dicho registro el Usuario ser\u00e1 responsable de aportar informaci\u00f3n veraz y l\u00edcita. Como consecuencia de este registro, al Usuario se le puede proporcionar una contrase\u00f1a de la que ser\u00e1 responsable, comprometi\u00e9ndose a hacer un uso diligente y confidencial de la misma.<\/p><p dir=\"ltr\">Conforme a lo anterior, este sitio puede contener zonas de acceso restringido, protegidas por identificadores y contrase\u00f1as u otros mecanismos de seguridad. El usuario no intentar\u00e1 acceder a estas zonas de acceso restringido si no est\u00e1 debidamente autorizado por el Titular, ni intentar\u00e1 soslayar o manipular los mecanismos de protecci\u00f3n establecidos por ella.<\/p><p dir=\"ltr\">El Usuario que haya sido autorizado por el Titular para acceder a alguna de estas zonas protegidas ser\u00e1 el exclusivo responsable de mantener en estricto secreto, y no divulgar a terceros, los identificadores, contrase\u00f1as y dem\u00e1s m\u00e9todos de seguridad que el Titular ponga a su disposici\u00f3n para acceder a las zonas protegidas. El Usuario ser\u00e1 por tanto el \u00fanico responsable de los da\u00f1os que se deriven de no mantener en secreto los mecanismos de seguridad mencionados.<\/p><p dir=\"ltr\">El Usuario se compromete a hacer un uso adecuado de los contenidos y servicios que el Titular ofrece a trav\u00e9s de su web y con car\u00e1cter enunciativo pero no limitativo, a no emplearlos para (i) incurrir en actividades il\u00edcitas, ilegales o contrarias a la buena fe y al orden p\u00fablico; (ii) difundir contenidos o propaganda de car\u00e1cter racista, xen\u00f3fobo, pornogr\u00e1fico-ilegal, de apolog\u00eda del terrorismo o atentatorio contra los derechos humanos; (iii) provocar da\u00f1os en los sistemas f\u00edsicos y l\u00f3gicos del Titular, de sus proveedores o de terceras personas, introducir o difundir en la red virus inform\u00e1ticos o cualesquiera otros sistemas f\u00edsicos o l\u00f3gicos que sean susceptibles de provocar los da\u00f1os anteriormente mencionados; (iv) intentar acceder y, en su caso, utilizar las cuentas de correo electr\u00f3nico de otros usuarios y modificar o manipular sus mensajes. El Titular se reserva el derecho de retirar todos aquellos comentarios y aportaciones que vulneren el respeto a la dignidad de la persona, que sean discriminatorios, xen\u00f3fobos, racistas, pornogr\u00e1ficos, que atenten contra la juventud o la infancia, el orden o la seguridad p\u00fablica o que, a su juicio, no resultaran adecuados para su publicaci\u00f3n. En cualquier caso, el Titular no ser\u00e1 responsable de las opiniones vertidas por los usuarios a trav\u00e9s de los foros, chats, redes sociales (a trav\u00e9s del perfil correspondiente de El Titular) u otras herramientas de participaci\u00f3n.<\/p><p dir=\"ltr\">INFORMACI\u00d3N TRANSMITIDA POR LOS USUARIOS:<\/p><p dir=\"ltr\">\u00a0Este sitio puede contener foros, chats, espacios para subir fotograf\u00edas y otros mecanismos mediante los cuales los usuarios pueden expresar su opini\u00f3n e intercambiar archivos en formato electr\u00f3nico. Las informaciones, las comunicaciones y los ficheros que se env\u00eden a trav\u00e9s de estos foros y salas, junto con las direcciones de correo electr\u00f3nico y otras comunicaciones divulgadas por los usuarios no tendr\u00e1n la consideraci\u00f3n de material confidencial.<\/p><p dir=\"ltr\">El Titular no asume responsabilidad alguna por el contenido de la informaci\u00f3n o de las comunicaciones enviadas por sus usuarios a trav\u00e9s de estas \u00e1reas, asumiendo el usuario cualquier responsabilidad por la informaci\u00f3n subida o compartida y manifestando que la misma cumple con toda normativa aplicable, en particular, sin car\u00e1cter limitativo, con la Ley Org\u00e1nica 15\/99 de Protecci\u00f3n de Datos.<\/p><p dir=\"ltr\">PROTECCI\u00d3N DE DATOS:\u00a0<\/p><p dir=\"ltr\">La Pol\u00edtica de Privacidad de la empresa puede ser consultada con m\u00e1s detalle en el apartado correspondiente de esta web.<\/p><p dir=\"ltr\">PROPIEDAD INTELECTUAL E INDUSTRIAL:\u00a0<\/p><p dir=\"ltr\">El Titular, por s\u00ed o como cesionario, es titular de todos los derechos de propiedad intelectual e industrial de su p\u00e1gina web, as\u00ed como de los elementos contenidos en la misma (a t\u00edtulo enunciativo, im\u00e1genes, sonido, audio, v\u00eddeo, software o textos; marcas o logotipos, combinaciones de colores, estructura y dise\u00f1o, selecci\u00f3n de materiales usados, programas de ordenador necesarios para su funcionamiento, acceso y uso, etc.), titularidad del Titular o bien de sus licenciantes y proveedores. Todos los derechos est\u00e1n reservados y quedan expresamente prohibidas la reproducci\u00f3n, la distribuci\u00f3n y la comunicaci\u00f3n p\u00fablica, incluida su modalidad de puesta a disposici\u00f3n, de la totalidad o parte de los contenidos de esta p\u00e1gina web, con fines comerciales, en cualquier soporte y por cualquier medio t\u00e9cnico, sin la autorizaci\u00f3n del Titular. El Usuario se compromete a respetar los derechos de Propiedad Intelectual e Industrial titularidad del Titular. Podr\u00e1 visualizar los elementos del portal e incluso imprimirlos, copiarlos y almacenarlos en el disco duro de su ordenador o en cualquier otro soporte f\u00edsico siempre y cuando sea, \u00fanica y exclusivamente, para su uso personal y privado. El Usuario deber\u00e1 abstenerse de suprimir, alterar, eludir o manipular cualquier dispositivo de protecci\u00f3n o sistema de seguridad que estuviera instalado en las p\u00e1ginas del Titular.<\/p><p dir=\"ltr\">EXCLUSI\u00d3N DE GARANT\u00cdAS Y RESPONSABILIDAD:<\/p><p dir=\"ltr\">\u00a0El Titular no se hace responsable, en ning\u00fan caso, de los da\u00f1os y perjuicios de cualquier naturaleza que pudieran ocasionar, a t\u00edtulo enunciativo, errores u omisiones en los contenidos, falta de disponibilidad del portal o la transmisi\u00f3n de virus o programas maliciosos o lesivos en los contenidos, a pesar de haber adoptado todas las medidas tecnol\u00f3gicas necesarias para evitarlo.<\/p><p dir=\"ltr\">MODIFICACIONES:\u00a0<\/p><p dir=\"ltr\">El Titular se reserva el derecho de efectuar sin previo aviso las modificaciones que considere oportunas en su portal, pudiendo cambiar, suprimir o a\u00f1adir tanto los contenidos y servicios que se presten a trav\u00e9s de la misma como la forma en la que \u00e9stos aparezcan presentados o localizados en su portal.<\/p><p dir=\"ltr\">Asimismo el Titular se reserva el derecho a suspender temporalmente, sin necesidad de previo aviso, el acceso a este sitio para realizar operaciones de mantenimiento, actualizaci\u00f3n, mejora o de reparaci\u00f3n.<\/p><p dir=\"ltr\">ENLACES:\u00a0<\/p><p dir=\"ltr\">En el caso de que en el sitio web se dispusiesen enlaces o hiperv\u00ednculos hacia otros sitios de Internet, el Titular no ejercer\u00e1 ning\u00fan tipo de control sobre dichos sitios y contenidos. En ning\u00fan caso el Titular asumir\u00e1 responsabilidad alguna por los contenidos de alg\u00fan enlace perteneciente a un sitio web ajeno, ni garantizar\u00e1 la disponibilidad t\u00e9cnica, calidad, fiabilidad, exactitud, amplitud, veracidad, validez y constitucionalidad de cualquier material o informaci\u00f3n contenida en ninguno de dichos hiperv\u00ednculos u otros sitios de Internet. Igualmente la inclusi\u00f3n de estas conexiones externas no implicar\u00e1 ning\u00fan tipo de asociaci\u00f3n, fusi\u00f3n o participaci\u00f3n con las entidades conectadas.<\/p><p dir=\"ltr\">POL\u00cdTICA DE COOKIES:\u00a0<\/p><p dir=\"ltr\">La pol\u00edtica de cookies del Titular se puede consultar con m\u00e1s detalle en el apartado correspondiente de esta web.<\/p><p dir=\"ltr\">DERECHO DE EXCLUSI\u00d3N:\u00a0<\/p><p dir=\"ltr\">El Titular se reserva el derecho a denegar o retirar el acceso al portal y\/o los servicios ofrecidos sin necesidad de preaviso, a instancia propia o de un tercero, a aquellos usuarios que incumplan el presente aviso legal o cualesquiera otras condiciones dispuestas en la p\u00e1gina del Titular.<\/p><p dir=\"ltr\">GENERALIDADES:\u00a0<\/p><p dir=\"ltr\">El Titular perseguir\u00e1 el incumplimiento de las presentes condiciones as\u00ed como cualquier utilizaci\u00f3n indebida de su portal ejerciendo todas las acciones civiles y penales que le puedan corresponder en derecho.<\/p><p dir=\"ltr\">OTRAS CONDICIONES DE USO:\u00a0<\/p><p dir=\"ltr\">Adem\u00e1s de lo dispuesto en el presente Aviso Legal, el Usuario conoce y acepta el resto de condiciones generales que para el uso del presente sitio web y el uso de sus servicios se dispongan.<\/p><p dir=\"ltr\">MODIFICACI\u00d3N DE LAS PRESENTES CONDICIONES Y DURACI\u00d3N:\u00a0<\/p><p dir=\"ltr\">El Titular podr\u00e1 modificar en cualquier momento las condiciones aqu\u00ed determinadas, siendo debidamente publicadas como aqu\u00ed aparecen. La vigencia de las citadas condiciones ir\u00e1 en funci\u00f3n de su exposici\u00f3n y estar\u00e1n vigentes hasta que sean modificadas por otras debidamente publicadas.<\/p><p dir=\"ltr\">Pese a que la relaci\u00f3n jur\u00eddica entre el Titular y el Usuario, derivada del acceso y utilizaci\u00f3n del sitio, tiene una duraci\u00f3n indefinida, \u00e9sta se considerar\u00e1 finalizada en el momento que el Titular modifique las presentes condiciones. En el momento en el que el Titular anuncie la modificaci\u00f3n de las mismas, y el Usuario acceda y utilice los servicios y contenidos del sitio, se considerar\u00e1 iniciada una nueva relaci\u00f3n jur\u00eddica entre ambas partes de car\u00e1cter igualmente indefinido<\/p><p dir=\"ltr\">LEGISLACI\u00d3N APLICABLE Y JURISDICCI\u00d3N:<\/p><p dir=\"ltr\">La relaci\u00f3n entre el Titular y el Usuario se regir\u00e1 por la normativa espa\u00f1ola vigente y cualquier controversia se someter\u00e1 a los Juzgados y Tribunales de la ciudad del domicilio del Titular salvo que por ley deban someterse al domicilio del Usuario o expresamente el Titular se hubiese sometido a alg\u00fan procedimiento de arbitraje. Si el Usuario decide utilizar o consultar este sitio desde fuera del pa\u00eds del Titular, deber\u00e1 tener presente que lo hace por propia iniciativa, y que es responsable del cumplimiento de las leyes locales pertinentes.<\/p>\t\t\t\t\t\t\t\t<\/div>\n\t\t\t\t<\/div>\n\t\t\t\t<\/div>","protected":false},"excerpt":{"rendered":"<p>DATOS DE IDENTIFICACI\u00d3N:\u00a0 En cumplimiento con el deber de informaci\u00f3n recogido en el art\u00edculo 10 de la Ley 34\/2002, de [&hellip;]<\/p>\n","protected":false},"author":1,"featured_media":0,"parent":0,"menu_order":0,"comment_status":"closed","ping_status":"closed","template":"","meta":{"site-sidebar-layout":"no-sidebar","site-content-layout":"","ast-site-content-layout":"full-width-container","site-content-style":"default","site-sidebar-style":"default","ast-global-header-display":"","ast-banner-title-visibility":"","ast-main-header-display":"","ast-hfb-above-header-display":"","ast-hfb-below-header-display":"","ast-hfb-mobile-header-display":"","site-post-title":"","ast-breadcrumbs-content":"","ast-featured-img":"disabled","footer-sml-layout":"","ast-disable-related-posts":"","theme-transparent-header-meta":"","adv-header-id-meta":"","stick-header-meta":"","header-above-stick-meta":"","header-main-stick-meta":"","header-below-stick-meta":"","astra-migrate-meta-layouts":"default","ast-page-background-enabled":"default","ast-page-background-meta":{"desktop":{"background-color":"var(--ast-global-color-5)","background-image":"","background-repeat":"repeat","background-position":"center center","background-size":"auto","background-attachment":"scroll","background-type":"","background-media":"","overlay-type":"","overlay-color":"","overlay-opacity":"","overlay-gradient":""},"tablet":{"background-color":"","background-image":"","background-repeat":"repeat","background-position":"center center","background-size":"auto","background-attachment":"scroll","background-type":"","background-media":"","overlay-type":"","overlay-color":"","overlay-opacity":"","overlay-gradient":""},"mobile":{"background-color":"","background-image":"","background-repeat":"repeat","background-position":"center center","background-size":"auto","background-attachment":"scroll","background-type":"","background-media":"","overlay-type":"","overlay-color":"","overlay-opacity":"","overlay-gradient":""}},"ast-content-background-meta":{"desktop":{"background-color":"var(--ast-global-color-4)","background-image":"","background-repeat":"repeat","background-position":"center center","background-size":"auto","background-attachment":"scroll","background-type":"","background-media":"","overlay-type":"","overlay-color":"","overlay-opacity":"","overlay-gradient":""},"tablet":{"background-color":"var(--ast-global-color-4)","background-image":"","background-repeat":"repeat","background-position":"center center","background-size":"auto","background-attachment":"scroll","background-type":"","background-media":"","overlay-type":"","overlay-color":"","overlay-opacity":"","overlay-gradient":""},"mobile":{"background-color":"var(--ast-global-color-4)","background-image":"","background-repeat":"repeat","background-position":"center center","background-size":"auto","background-attachment":"scroll","background-type":"","background-media":"","overlay-type":"","overlay-color":"","overlay-opacity":"","overlay-gradient":""}},"_joinchat":[],"footnotes":""},"class_list":["post-414","page","type-page","status-publish","hentry"],"_links":{"self":[{"href":"https:\/\/granfondosietelagos.com\/en\/wp-json\/wp\/v2\/pages\/414","targetHints":{"allow":["GET"]}}],"collection":[{"href":"https:\/\/granfondosietelagos.com\/en\/wp-json\/wp\/v2\/pages"}],"about":[{"href":"https:\/\/granfondosietelagos.com\/en\/wp-json\/wp\/v2\/types\/page"}],"author":[{"embeddable":true,"href":"https:\/\/granfondosietelagos.com\/en\/wp-json\/wp\/v2\/users\/1"}],"replies":[{"embeddable":true,"href":"https:\/\/granfondosietelagos.com\/en\/wp-json\/wp\/v2\/comments?post=414"}],"version-history":[{"count":13,"href":"https:\/\/granfondosietelagos.com\/en\/wp-json\/wp\/v2\/pages\/414\/revisions"}],"predecessor-version":[{"id":637,"href":"https:\/\/granfondosietelagos.com\/en\/wp-json\/wp\/v2\/pages\/414\/revisions\/637"}],"wp:attachment":[{"href":"https:\/\/granfondosietelagos.com\/en\/wp-json\/wp\/v2\/media?parent=414"}],"curies":[{"name":"wp","href":"https:\/\/api.w.org\/{rel}","templated":true}]}}