{"id":314,"date":"2026-02-27T18:50:49","date_gmt":"2026-02-27T18:50:49","guid":{"rendered":"https:\/\/granfondosietelagos.com\/?page_id=314"},"modified":"2026-04-15T16:25:18","modified_gmt":"2026-04-15T16:25:18","slug":"kids","status":"publish","type":"page","link":"https:\/\/granfondosietelagos.com\/en\/kids\/","title":{"rendered":"Kids"},"content":{"rendered":"<div data-elementor-type=\"wp-page\" data-elementor-id=\"314\" class=\"elementor elementor-314\" data-elementor-post-type=\"page\">\n\t\t\t\t<div class=\"elementor-element elementor-element-11f0a97 e-flex e-con-boxed e-con e-parent\" data-id=\"11f0a97\" data-element_type=\"container\" data-e-type=\"container\" data-settings=\"{&quot;background_background&quot;:&quot;classic&quot;}\">\n\t\t\t\t\t<div class=\"e-con-inner\">\n\t\t<div class=\"elementor-element elementor-element-49a3d3f e-con-full e-flex e-con e-child\" data-id=\"49a3d3f\" data-element_type=\"container\" data-e-type=\"container\">\n\t\t\t\t<div class=\"elementor-element elementor-element-78770f1 elementor-widget elementor-widget-heading\" data-id=\"78770f1\" data-element_type=\"widget\" data-e-type=\"widget\" data-widget_type=\"heading.default\">\n\t\t\t\t\t<h2 class=\"elementor-heading-title elementor-size-default\">gf7l<\/h2>\t\t\t\t<\/div>\n\t\t\t\t<div class=\"elementor-element elementor-element-20b22d8 elementor-widget elementor-widget-image\" data-id=\"20b22d8\" data-element_type=\"widget\" data-e-type=\"widget\" data-widget_type=\"image.default\">\n\t\t\t\t\t\t\t\t\t\t\t\t\t\t\t<img decoding=\"async\" width=\"254\" height=\"142\" src=\"https:\/\/granfondosietelagos.com\/wp-content\/uploads\/2026\/02\/kids.svg\" class=\"attachment-large size-large wp-image-275\" alt=\"\" \/>\t\t\t\t\t\t\t\t\t\t\t\t\t\t\t<\/div>\n\t\t\t\t<\/div>\n\t\t\t\t\t<\/div>\n\t\t\t\t<\/div>\n\t\t<div class=\"elementor-element elementor-element-cea2ae3 e-flex e-con-boxed e-con e-child\" data-id=\"cea2ae3\" data-element_type=\"container\" data-e-type=\"container\" data-settings=\"{&quot;background_background&quot;:&quot;classic&quot;}\">\n\t\t\t\t\t<div class=\"e-con-inner\">\n\t\t<div class=\"elementor-element elementor-element-2a2cf15 e-con-full e-flex e-con e-child\" data-id=\"2a2cf15\" data-element_type=\"container\" data-e-type=\"container\" data-settings=\"{&quot;background_background&quot;:&quot;classic&quot;}\">\n\t\t\t\t<div class=\"elementor-element elementor-element-1507295 elementor-widget elementor-widget-image\" data-id=\"1507295\" data-element_type=\"widget\" data-e-type=\"widget\" data-widget_type=\"image.default\">\n\t\t\t\t\t\t\t\t\t\t\t\t\t\t\t<img fetchpriority=\"high\" decoding=\"async\" width=\"396\" height=\"507\" src=\"https:\/\/granfondosietelagos.com\/wp-content\/uploads\/2026\/03\/Rectangle-1733-1.jpg\" class=\"attachment-large size-large wp-image-471\" alt=\"\" srcset=\"https:\/\/granfondosietelagos.com\/wp-content\/uploads\/2026\/03\/Rectangle-1733-1.jpg 396w, https:\/\/granfondosietelagos.com\/wp-content\/uploads\/2026\/03\/Rectangle-1733-1-234x300.jpg 234w\" sizes=\"(max-width: 396px) 100vw, 396px\" \/>\t\t\t\t\t\t\t\t\t\t\t\t\t\t\t<\/div>\n\t\t\t\t<div class=\"elementor-element elementor-element-f542782 elementor-widget elementor-widget-image\" data-id=\"f542782\" data-element_type=\"widget\" data-e-type=\"widget\" data-widget_type=\"image.default\">\n\t\t\t\t\t\t\t\t\t\t\t\t\t\t\t<img decoding=\"async\" width=\"396\" height=\"507\" src=\"https:\/\/granfondosietelagos.com\/wp-content\/uploads\/2026\/03\/Rectangle-1732-1.jpg\" class=\"attachment-large size-large wp-image-472\" alt=\"\" srcset=\"https:\/\/granfondosietelagos.com\/wp-content\/uploads\/2026\/03\/Rectangle-1732-1.jpg 396w, https:\/\/granfondosietelagos.com\/wp-content\/uploads\/2026\/03\/Rectangle-1732-1-234x300.jpg 234w\" sizes=\"(max-width: 396px) 100vw, 396px\" \/>\t\t\t\t\t\t\t\t\t\t\t\t\t\t\t<\/div>\n\t\t\t\t<\/div>\n\t\t<div class=\"elementor-element elementor-element-6db9ab1 e-con-full e-flex e-con e-child\" data-id=\"6db9ab1\" data-element_type=\"container\" data-e-type=\"container\">\n\t\t\t\t<div class=\"elementor-element elementor-element-f3841c0 elementor-widget elementor-widget-text-editor\" data-id=\"f3841c0\" data-element_type=\"widget\" data-e-type=\"widget\" data-widget_type=\"text-editor.default\">\n\t\t\t\t\t\t\t\t\t<p>We are pleased to announce the launch of the Gran Fondo Kids <span style=\"font-weight: 400;\">by Vista<\/span>, a recreational cycling event specially designed for children, with the aim of promoting sport as a fundamental pillar in the formation of healthy habits and life values. This event seeks to integrate the youngest into the passion for cycling, fostering physical activity, teamwork, and enjoying the outdoors.<\/p><p><em>This event seeks to integrate the youngest into the passion for cycling, fostering physical activity, teamwork, and enjoying the outdoors.<\/em><\/p><p>Participants will cycle on circuits adapted to their ages, in a recreational and non-competitive environment, where the main objective is to enjoy and learn.<\/p>\t\t\t\t\t\t\t\t<\/div>\n\t\t\t\t<\/div>\n\t\t\t\t\t<\/div>\n\t\t\t\t<\/div>\n\t\t<div class=\"elementor-element elementor-element-5bc7dff e-flex e-con-boxed e-con e-child\" data-id=\"5bc7dff\" data-element_type=\"container\" data-e-type=\"container\" data-settings=\"{&quot;background_background&quot;:&quot;classic&quot;}\">\n\t\t\t\t\t<div class=\"e-con-inner\">\n\t\t<div class=\"elementor-element elementor-element-eba4676 e-flex e-con-boxed e-con e-child\" data-id=\"eba4676\" data-element_type=\"container\" data-e-type=\"container\">\n\t\t\t\t\t<div class=\"e-con-inner\">\n\t\t<div class=\"elementor-element elementor-element-711f094 e-con-full e-flex e-con e-child\" data-id=\"711f094\" data-element_type=\"container\" data-e-type=\"container\">\n\t\t\t\t<div class=\"elementor-element elementor-element-d91fc12 elementor-widget elementor-widget-heading\" data-id=\"d91fc12\" data-element_type=\"widget\" data-e-type=\"widget\" data-widget_type=\"heading.default\">\n\t\t\t\t\t<h5 class=\"elementor-heading-title elementor-size-default\">date and time<\/h5>\t\t\t\t<\/div>\n\t\t\t\t<div class=\"elementor-element elementor-element-487bffc elementor-widget elementor-widget-text-editor\" data-id=\"487bffc\" data-element_type=\"widget\" data-e-type=\"widget\" data-widget_type=\"text-editor.default\">\n\t\t\t\t\t\t\t\t\t<p>The Gran Fondo Kids by Vista will take place at 12:00 PM on Saturday, November 21st.<\/p>\t\t\t\t\t\t\t\t<\/div>\n\t\t\t\t<\/div>\n\t\t<div class=\"elementor-element elementor-element-8b61d68 e-con-full e-flex e-con e-child\" data-id=\"8b61d68\" data-element_type=\"container\" data-e-type=\"container\">\n\t\t\t\t<div class=\"elementor-element elementor-element-645f51e elementor-widget elementor-widget-heading\" data-id=\"645f51e\" data-element_type=\"widget\" data-e-type=\"widget\" data-widget_type=\"heading.default\">\n\t\t\t\t\t<h5 class=\"elementor-heading-title elementor-size-default\">accreditation<\/h5>\t\t\t\t<\/div>\n\t\t\t\t<div class=\"elementor-element elementor-element-12440a3 elementor-widget elementor-widget-text-editor\" data-id=\"12440a3\" data-element_type=\"widget\" data-e-type=\"widget\" data-widget_type=\"text-editor.default\">\n\t\t\t\t\t\t\t\t\t<p>San Mart\u00edn de los Andes<br \/>Club L\u00e1car<\/p>\t\t\t\t\t\t\t\t<\/div>\n\t\t\t\t<\/div>\n\t\t\t\t\t<\/div>\n\t\t\t\t<\/div>\n\t\t\t\t\t<\/div>\n\t\t\t\t<\/div>\n\t\t<div class=\"elementor-element elementor-element-bf3ce9c e-con-full e-flex e-con e-child\" data-id=\"bf3ce9c\" data-element_type=\"container\" data-e-type=\"container\" data-settings=\"{&quot;background_background&quot;:&quot;classic&quot;}\">\n\t\t\t\t<div class=\"elementor-element elementor-element-0d2c3a3 elementor-widget elementor-widget-heading\" data-id=\"0d2c3a3\" data-element_type=\"widget\" data-e-type=\"widget\" data-widget_type=\"heading.default\">\n\t\t\t\t\t<h2 class=\"elementor-heading-title elementor-size-default\">the race<\/h2>\t\t\t\t<\/div>\n\t\t\t\t<div class=\"elementor-element elementor-element-630de94 elementor-widget__width-initial elementor-widget-mobile__width-inherit elementor-widget elementor-widget-text-editor\" data-id=\"630de94\" data-element_type=\"widget\" data-e-type=\"widget\" data-widget_type=\"text-editor.default\">\n\t\t\t\t\t\t\t\t\t<p>They will race in groups according to their ages, ensuring a fun and safe experience.<\/p>\t\t\t\t\t\t\t\t<\/div>\n\t\t<div class=\"elementor-element elementor-element-e66f178 e-flex e-con-boxed e-con e-child\" data-id=\"e66f178\" data-element_type=\"container\" data-e-type=\"container\">\n\t\t\t\t\t<div class=\"e-con-inner\">\n\t\t<div class=\"elementor-element elementor-element-9a13312 e-con-full e-flex e-con e-child\" data-id=\"9a13312\" data-element_type=\"container\" data-e-type=\"container\">\n\t\t\t\t<div class=\"elementor-element elementor-element-7015ed7 elementor-widget elementor-widget-heading\" data-id=\"7015ed7\" data-element_type=\"widget\" data-e-type=\"widget\" data-widget_type=\"heading.default\">\n\t\t\t\t\t<h5 class=\"elementor-heading-title elementor-size-default\">categories<\/h5>\t\t\t\t<\/div>\n\t\t<div class=\"elementor-element elementor-element-60a7686 e-grid e-con-boxed e-con e-child\" data-id=\"60a7686\" data-element_type=\"container\" data-e-type=\"container\">\n\t\t\t\t\t<div class=\"e-con-inner\">\n\t\t\t\t<div class=\"elementor-element elementor-element-546f4ca elementor-widget elementor-widget-text-editor\" data-id=\"546f4ca\" data-element_type=\"widget\" data-e-type=\"widget\" data-widget_type=\"text-editor.default\">\n\t\t\t\t\t\t\t\t\t<p>MINI<\/p>\t\t\t\t\t\t\t\t<\/div>\n\t\t\t\t<div class=\"elementor-element elementor-element-2c118b9 elementor-widget elementor-widget-text-editor\" data-id=\"2c118b9\" data-element_type=\"widget\" data-e-type=\"widget\" data-widget_type=\"text-editor.default\">\n\t\t\t\t\t\t\t\t\t<p>4-5 YEARS<\/p>\t\t\t\t\t\t\t\t<\/div>\n\t\t\t\t<div class=\"elementor-element elementor-element-ac5e72d elementor-widget elementor-widget-text-editor\" data-id=\"ac5e72d\" data-element_type=\"widget\" data-e-type=\"widget\" data-widget_type=\"text-editor.default\">\n\t\t\t\t\t\t\t\t\t<p>LITTLE 1<\/p>\t\t\t\t\t\t\t\t<\/div>\n\t\t\t\t<div class=\"elementor-element elementor-element-a697551 elementor-widget elementor-widget-text-editor\" data-id=\"a697551\" data-element_type=\"widget\" data-e-type=\"widget\" data-widget_type=\"text-editor.default\">\n\t\t\t\t\t\t\t\t\t<p>6-7 YEARS<\/p>\t\t\t\t\t\t\t\t<\/div>\n\t\t\t\t<div class=\"elementor-element elementor-element-30a27cc elementor-widget elementor-widget-text-editor\" data-id=\"30a27cc\" data-element_type=\"widget\" data-e-type=\"widget\" data-widget_type=\"text-editor.default\">\n\t\t\t\t\t\t\t\t\t<p>LITTLE 2<\/p>\t\t\t\t\t\t\t\t<\/div>\n\t\t\t\t<div class=\"elementor-element elementor-element-afdb8ea elementor-widget elementor-widget-text-editor\" data-id=\"afdb8ea\" data-element_type=\"widget\" data-e-type=\"widget\" data-widget_type=\"text-editor.default\">\n\t\t\t\t\t\t\t\t\t<p>7-9 YEARS<\/p>\t\t\t\t\t\t\t\t<\/div>\n\t\t\t\t<div class=\"elementor-element elementor-element-6a23ac9 elementor-widget elementor-widget-text-editor\" data-id=\"6a23ac9\" data-element_type=\"widget\" data-e-type=\"widget\" data-widget_type=\"text-editor.default\">\n\t\t\t\t\t\t\t\t\t<p>TEENS<\/p>\t\t\t\t\t\t\t\t<\/div>\n\t\t\t\t<div class=\"elementor-element elementor-element-aca278e elementor-widget elementor-widget-text-editor\" data-id=\"aca278e\" data-element_type=\"widget\" data-e-type=\"widget\" data-widget_type=\"text-editor.default\">\n\t\t\t\t\t\t\t\t\t<p>10-12 YEARS<\/p>\t\t\t\t\t\t\t\t<\/div>\n\t\t\t\t\t<\/div>\n\t\t\t\t<\/div>\n\t\t\t\t<\/div>\n\t\t<div class=\"elementor-element elementor-element-b3dbaa6 e-con-full e-flex e-con e-child\" data-id=\"b3dbaa6\" data-element_type=\"container\" data-e-type=\"container\">\n\t\t\t\t<div class=\"elementor-element elementor-element-2ee42e2 elementor-widget elementor-widget-heading\" data-id=\"2ee42e2\" data-element_type=\"widget\" data-e-type=\"widget\" data-widget_type=\"heading.default\">\n\t\t\t\t\t<h5 class=\"elementor-heading-title elementor-size-default\">routes<\/h5>\t\t\t\t<\/div>\n\t\t<div class=\"elementor-element elementor-element-53e80d6 e-grid e-con-boxed e-con e-child\" data-id=\"53e80d6\" data-element_type=\"container\" data-e-type=\"container\">\n\t\t\t\t\t<div class=\"e-con-inner\">\n\t\t\t\t<div class=\"elementor-element elementor-element-633bf8f elementor-widget elementor-widget-text-editor\" data-id=\"633bf8f\" data-element_type=\"widget\" data-e-type=\"widget\" data-widget_type=\"text-editor.default\">\n\t\t\t\t\t\t\t\t\t<p>MINI<\/p>\t\t\t\t\t\t\t\t<\/div>\n\t\t\t\t<div class=\"elementor-element elementor-element-aa3fb2b elementor-widget elementor-widget-text-editor\" data-id=\"aa3fb2b\" data-element_type=\"widget\" data-e-type=\"widget\" data-widget_type=\"text-editor.default\">\n\t\t\t\t\t\t\t\t\t<p>100 MTS.<\/p>\t\t\t\t\t\t\t\t<\/div>\n\t\t\t\t<div class=\"elementor-element elementor-element-91c8a81 elementor-widget elementor-widget-text-editor\" data-id=\"91c8a81\" data-element_type=\"widget\" data-e-type=\"widget\" data-widget_type=\"text-editor.default\">\n\t\t\t\t\t\t\t\t\t<p>LITTLE 1<\/p>\t\t\t\t\t\t\t\t<\/div>\n\t\t\t\t<div class=\"elementor-element elementor-element-71035a1 elementor-widget elementor-widget-text-editor\" data-id=\"71035a1\" data-element_type=\"widget\" data-e-type=\"widget\" data-widget_type=\"text-editor.default\">\n\t\t\t\t\t\t\t\t\t<p>400 MTS.<\/p>\t\t\t\t\t\t\t\t<\/div>\n\t\t\t\t<div class=\"elementor-element elementor-element-0f0e956 elementor-widget elementor-widget-text-editor\" data-id=\"0f0e956\" data-element_type=\"widget\" data-e-type=\"widget\" data-widget_type=\"text-editor.default\">\n\t\t\t\t\t\t\t\t\t<p>LITTLE 2<\/p>\t\t\t\t\t\t\t\t<\/div>\n\t\t\t\t<div class=\"elementor-element elementor-element-e04a247 elementor-widget elementor-widget-text-editor\" data-id=\"e04a247\" data-element_type=\"widget\" data-e-type=\"widget\" data-widget_type=\"text-editor.default\">\n\t\t\t\t\t\t\t\t\t<p>1 KM<\/p>\t\t\t\t\t\t\t\t<\/div>\n\t\t\t\t<div class=\"elementor-element elementor-element-a79063d elementor-widget elementor-widget-text-editor\" data-id=\"a79063d\" data-element_type=\"widget\" data-e-type=\"widget\" data-widget_type=\"text-editor.default\">\n\t\t\t\t\t\t\t\t\t<p>TEENS<\/p>\t\t\t\t\t\t\t\t<\/div>\n\t\t\t\t<div class=\"elementor-element elementor-element-dd62865 elementor-widget elementor-widget-text-editor\" data-id=\"dd62865\" data-element_type=\"widget\" data-e-type=\"widget\" data-widget_type=\"text-editor.default\">\n\t\t\t\t\t\t\t\t\t<p>2 KM<\/p>\t\t\t\t\t\t\t\t<\/div>\n\t\t\t\t\t<\/div>\n\t\t\t\t<\/div>\n\t\t\t\t<\/div>\n\t\t\t\t\t<\/div>\n\t\t\t\t<\/div>\n\t\t\t\t<\/div>\n\t\t<div class=\"elementor-element elementor-element-9ecde3b e-con-full e-flex e-con e-child\" data-id=\"9ecde3b\" data-element_type=\"container\" data-e-type=\"container\" data-settings=\"{&quot;background_background&quot;:&quot;classic&quot;}\">\n\t\t<div class=\"elementor-element elementor-element-c7faedf e-con-full e-flex e-con e-child\" data-id=\"c7faedf\" data-element_type=\"container\" data-e-type=\"container\" data-settings=\"{&quot;background_background&quot;:&quot;classic&quot;}\">\n\t\t\t\t<\/div>\n\t\t<div class=\"elementor-element elementor-element-677cf66 e-con-full e-flex e-con e-child\" data-id=\"677cf66\" data-element_type=\"container\" data-e-type=\"container\">\n\t\t\t\t<div class=\"elementor-element elementor-element-c44e4e9 elementor-widget elementor-widget-heading\" data-id=\"c44e4e9\" data-element_type=\"widget\" data-e-type=\"widget\" data-widget_type=\"heading.default\">\n\t\t\t\t\t<h2 class=\"elementor-heading-title elementor-size-default\">AWARDS<\/h2>\t\t\t\t<\/div>\n\t\t\t\t<div class=\"elementor-element elementor-element-6c9ac5a elementor-widget elementor-widget-text-editor\" data-id=\"6c9ac5a\" data-element_type=\"widget\" data-e-type=\"widget\" data-widget_type=\"text-editor.default\">\n\t\t\t\t\t\t\t\t\t<p>The Gran Fondo 7 Lagos by Vista organization informs that\u00a0<em>the Mini and Peque 1 and 2 categories of the Gran Fondo Kids will be participatory.<\/em><\/p><p class=\"translation-block\">This means that there <em>will be no classification or awards by position, as the main objective is for the little ones to enjoy the experience, promoting sport, fun, and camaraderie<\/em>.<\/p><p>All children in the Mini and Peque 1 and 2 categories will receive a finisher's medal in recognition of their participation and enthusiasm.<\/p><p>The Teens category (10 to 12 years old) will be competitive, and awards for 1st to 3rd place will be given at the end of the race, with a finisher's medal for everyone.<\/p>\t\t\t\t\t\t\t\t<\/div>\n\t\t\t\t<\/div>\n\t\t\t\t<\/div>\n\t\t<div class=\"elementor-element elementor-element-a20b4c8 e-flex e-con-boxed e-con e-parent\" data-id=\"a20b4c8\" data-element_type=\"container\" data-e-type=\"container\" data-settings=\"{&quot;background_background&quot;:&quot;classic&quot;}\">\n\t\t\t\t\t<div class=\"e-con-inner\">\n\t\t<div class=\"elementor-element elementor-element-0f5301d e-con-full e-flex e-con e-child\" data-id=\"0f5301d\" data-element_type=\"container\" data-e-type=\"container\">\n\t\t<div class=\"elementor-element elementor-element-35bb7e7 e-con-full e-flex e-con e-child\" data-id=\"35bb7e7\" data-element_type=\"container\" data-e-type=\"container\">\n\t\t\t\t<div class=\"elementor-element elementor-element-5515426 elementor-widget elementor-widget-heading\" data-id=\"5515426\" data-element_type=\"widget\" data-e-type=\"widget\" data-widget_type=\"heading.default\">\n\t\t\t\t\t<h2 class=\"elementor-heading-title elementor-size-default\">GF7L<\/h2>\t\t\t\t<\/div>\n\t\t\t\t<div class=\"elementor-element elementor-element-db8ae27 elementor-widget elementor-widget-image\" data-id=\"db8ae27\" data-element_type=\"widget\" data-e-type=\"widget\" data-widget_type=\"image.default\">\n\t\t\t\t\t\t\t\t\t\t\t\t\t\t\t<img decoding=\"async\" width=\"254\" height=\"142\" src=\"https:\/\/granfondosietelagos.com\/wp-content\/uploads\/2026\/02\/kids.svg\" class=\"attachment-large size-large wp-image-275\" alt=\"\" \/>\t\t\t\t\t\t\t\t\t\t\t\t\t\t\t<\/div>\n\t\t\t\t<\/div>\n\t\t\t\t<div class=\"elementor-element elementor-element-3cef0c6 elementor-widget elementor-widget-text-editor\" data-id=\"3cef0c6\" data-element_type=\"widget\" data-e-type=\"widget\" data-widget_type=\"text-editor.default\">\n\t\t\t\t\t\t\t\t\t<p>El Gran Fondo Kids by Vista busca acercar a los menores al ciclismo como una actividad que promueve la salud, la disciplina y el respeto. A trav\u00e9s de esta iniciativa, <strong>queremos inspirar a las nuevas generaciones a adoptar h\u00e1bitos saludables y fortalecer los lazos entre las comunidades de San Mart\u00edn de los Andes y Villa La Angostura, involucrando a clubes deportivos y municipios en una jornada de integraci\u00f3n y diversi\u00f3n.<\/strong><\/p><p>\u00a0<\/p><p class=\"translation-block\">We invite all families, schools, clubs, and organizations in our communities to join this great celebration of children's cycling. <strong>Come pedal with us for a more active and healthy future for our children!<\/strong><\/p>\t\t\t\t\t\t\t\t<\/div>\n\t\t\t\t<div class=\"elementor-element elementor-element-d161354 elementor-align-left elementor-hidden-desktop elementor-hidden-laptop elementor-hidden-tablet elementor-hidden-mobile elementor-widget elementor-widget-button\" data-id=\"d161354\" data-element_type=\"widget\" data-e-type=\"widget\" data-widget_type=\"button.default\">\n\t\t\t\t\t\t\t\t\t\t<a class=\"elementor-button elementor-button-link elementor-size-sm\" href=\"#\">\n\t\t\t\t\t\t<span class=\"elementor-button-content-wrapper\">\n\t\t\t\t\t\t\t\t\t<span class=\"elementor-button-text\">INSCRIB\u00cd A TUS HIJOS<\/span>\n\t\t\t\t\t<\/span>\n\t\t\t\t\t<\/a>\n\t\t\t\t\t\t\t\t<\/div>\n\t\t\t\t<\/div>\n\t\t<div class=\"elementor-element elementor-element-5d7a1bf e-con-full e-flex e-con e-child\" data-id=\"5d7a1bf\" data-element_type=\"container\" data-e-type=\"container\">\n\t\t\t\t<div class=\"elementor-element elementor-element-e9f82b6 elementor-widget elementor-widget-image\" data-id=\"e9f82b6\" data-element_type=\"widget\" data-e-type=\"widget\" data-widget_type=\"image.default\">\n\t\t\t\t\t\t\t\t\t\t\t\t\t\t\t<img loading=\"lazy\" decoding=\"async\" width=\"396\" height=\"709\" src=\"https:\/\/granfondosietelagos.com\/wp-content\/uploads\/2026\/03\/NAR2937-5.jpg\" class=\"attachment-large size-large wp-image-504\" alt=\"\" srcset=\"https:\/\/granfondosietelagos.com\/wp-content\/uploads\/2026\/03\/NAR2937-5.jpg 396w, https:\/\/granfondosietelagos.com\/wp-content\/uploads\/2026\/03\/NAR2937-5-168x300.jpg 168w\" sizes=\"(max-width: 396px) 100vw, 396px\" \/>\t\t\t\t\t\t\t\t\t\t\t\t\t\t\t<\/div>\n\t\t\t\t<div class=\"elementor-element elementor-element-b913a03 elementor-widget elementor-widget-image\" data-id=\"b913a03\" data-element_type=\"widget\" data-e-type=\"widget\" data-widget_type=\"image.default\">\n\t\t\t\t\t\t\t\t\t\t\t\t\t\t\t<img loading=\"lazy\" decoding=\"async\" width=\"396\" height=\"712\" src=\"https:\/\/granfondosietelagos.com\/wp-content\/uploads\/2026\/03\/NAR2937-3-1.jpg\" class=\"attachment-large size-large wp-image-505\" alt=\"\" srcset=\"https:\/\/granfondosietelagos.com\/wp-content\/uploads\/2026\/03\/NAR2937-3-1.jpg 396w, https:\/\/granfondosietelagos.com\/wp-content\/uploads\/2026\/03\/NAR2937-3-1-167x300.jpg 167w\" sizes=\"(max-width: 396px) 100vw, 396px\" \/>\t\t\t\t\t\t\t\t\t\t\t\t\t\t\t<\/div>\n\t\t\t\t<\/div>\n\t\t\t\t\t<\/div>\n\t\t\t\t<\/div>\n\t\t<div class=\"elementor-element elementor-element-3a15b68 e-con-full e-flex e-con e-child\" data-id=\"3a15b68\" data-element_type=\"container\" data-e-type=\"container\" data-settings=\"{&quot;background_background&quot;:&quot;classic&quot;}\">\n\t\t\t\t<div class=\"elementor-element elementor-element-7325df1 elementor-widget elementor-widget-heading\" data-id=\"7325df1\" data-element_type=\"widget\" data-e-type=\"widget\" data-widget_type=\"heading.default\">\n\t\t\t\t\t<h5 class=\"elementor-heading-title elementor-size-default\">PARTICIPATION REQUIREMENTS<\/h5>\t\t\t\t<\/div>\n\t\t\t\t<div class=\"elementor-element elementor-element-c75ef71 elementor-widget elementor-widget-text-editor\" data-id=\"c75ef71\" data-element_type=\"widget\" data-e-type=\"widget\" data-widget_type=\"text-editor.default\">\n\t\t\t\t\t\t\t\t\t<p class=\"translation-block\">Waiver and consent signed by parents.\n<br>\nMandatory use of helmet and bicycle in good condition.<\/p>\t\t\t\t\t\t\t\t<\/div>\n\t\t\t\t<\/div>\n\t\t\t\t<\/div>","protected":false},"excerpt":{"rendered":"<p>gf7l Nos complace anunciar el lanzamiento del Gran Fondo Kids by Vista, un evento recreativo de ciclismo dise\u00f1ado especialmente para [&hellip;]<\/p>\n","protected":false},"author":1,"featured_media":0,"parent":0,"menu_order":0,"comment_status":"closed","ping_status":"closed","template":"","meta":{"site-sidebar-layout":"no-sidebar","site-content-layout":"","ast-site-content-layout":"full-width-container","site-content-style":"default","site-sidebar-style":"default","ast-global-header-display":"","ast-banner-title-visibility":"","ast-main-header-display":"","ast-hfb-above-header-display":"","ast-hfb-below-header-display":"","ast-hfb-mobile-header-display":"","site-post-title":"","ast-breadcrumbs-content":"","ast-featured-img":"disabled","footer-sml-layout":"","ast-disable-related-posts":"","theme-transparent-header-meta":"","adv-header-id-meta":"","stick-header-meta":"","header-above-stick-meta":"","header-main-stick-meta":"","header-below-stick-meta":"","astra-migrate-meta-layouts":"default","ast-page-background-enabled":"default","ast-page-background-meta":{"desktop":{"background-color":"var(--ast-global-color-5)","background-image":"","background-repeat":"repeat","background-position":"center center","background-size":"auto","background-attachment":"scroll","background-type":"","background-media":"","overlay-type":"","overlay-color":"","overlay-opacity":"","overlay-gradient":""},"tablet":{"background-color":"","background-image":"","background-repeat":"repeat","background-position":"center center","background-size":"auto","background-attachment":"scroll","background-type":"","background-media":"","overlay-type":"","overlay-color":"","overlay-opacity":"","overlay-gradient":""},"mobile":{"background-color":"","background-image":"","background-repeat":"repeat","background-position":"center center","background-size":"auto","background-attachment":"scroll","background-type":"","background-media":"","overlay-type":"","overlay-color":"","overlay-opacity":"","overlay-gradient":""}},"ast-content-background-meta":{"desktop":{"background-color":"var(--ast-global-color-4)","background-image":"","background-repeat":"repeat","background-position":"center center","background-size":"auto","background-attachment":"scroll","background-type":"","background-media":"","overlay-type":"","overlay-color":"","overlay-opacity":"","overlay-gradient":""},"tablet":{"background-color":"var(--ast-global-color-4)","background-image":"","background-repeat":"repeat","background-position":"center center","background-size":"auto","background-attachment":"scroll","background-type":"","background-media":"","overlay-type":"","overlay-color":"","overlay-opacity":"","overlay-gradient":""},"mobile":{"background-color":"var(--ast-global-color-4)","background-image":"","background-repeat":"repeat","background-position":"center center","background-size":"auto","background-attachment":"scroll","background-type":"","background-media":"","overlay-type":"","overlay-color":"","overlay-opacity":"","overlay-gradient":""}},"_joinchat":[],"footnotes":""},"class_list":["post-314","page","type-page","status-publish","hentry"],"_links":{"self":[{"href":"https:\/\/granfondosietelagos.com\/en\/wp-json\/wp\/v2\/pages\/314","targetHints":{"allow":["GET"]}}],"collection":[{"href":"https:\/\/granfondosietelagos.com\/en\/wp-json\/wp\/v2\/pages"}],"about":[{"href":"https:\/\/granfondosietelagos.com\/en\/wp-json\/wp\/v2\/types\/page"}],"author":[{"embeddable":true,"href":"https:\/\/granfondosietelagos.com\/en\/wp-json\/wp\/v2\/users\/1"}],"replies":[{"embeddable":true,"href":"https:\/\/granfondosietelagos.com\/en\/wp-json\/wp\/v2\/comments?post=314"}],"version-history":[{"count":82,"href":"https:\/\/granfondosietelagos.com\/en\/wp-json\/wp\/v2\/pages\/314\/revisions"}],"predecessor-version":[{"id":1551,"href":"https:\/\/granfondosietelagos.com\/en\/wp-json\/wp\/v2\/pages\/314\/revisions\/1551"}],"wp:attachment":[{"href":"https:\/\/granfondosietelagos.com\/en\/wp-json\/wp\/v2\/media?parent=314"}],"curies":[{"name":"wp","href":"https:\/\/api.w.org\/{rel}","templated":true}]}}